{"id":848,"date":"2024-01-22T11:38:01","date_gmt":"2024-01-22T11:38:01","guid":{"rendered":"https:\/\/beaniesflavourco.co.uk\/product\/beanies-coffee-toasted-marshmallow-flavoured-coffee\/"},"modified":"2026-04-21T19:42:11","modified_gmt":"2026-04-21T18:42:11","slug":"beanies-coffee-kaffee-mit-gerostetem-marshmallow-geschmack","status":"publish","type":"product","link":"https:\/\/beaniesflavourco.co.uk\/de\/product\/beanies-coffee-toasted-marshmallow-flavoured-coffee\/","title":{"rendered":"Kaffee mit ger\u00f6stetem Marshmallow-Aroma"},"content":{"rendered":"","protected":false},"excerpt":{"rendered":"<p><strong>Inhaltsstoffe<\/strong><br \/>\nGefriergetrockneter Kaffee, Aromastoffe.<\/p>","protected":false},"featured_media":847,"template":"","meta":{"_acf_changed":false},"product_brand":[],"product_cat":[26],"product_tag":[],"class_list":{"0":"post-848","1":"product","2":"type-product","3":"status-publish","4":"has-post-thumbnail","6":"product_cat-instant-flavoured-coffee","8":"first","9":"instock","10":"taxable","11":"shipping-taxable","12":"purchasable","13":"product-type-simple"},"acf":[],"yoast_head":"<!-- This site is optimized with the Yoast SEO plugin v27.2 - https:\/\/yoast.com\/product\/yoast-seo-wordpress\/ -->\n<title>Toasted Marshmallow Flavoured Coffee | Beanies<\/title>\n<meta name=\"description\" content=\"This Toasted Marshmallow Flavoured Coffee brings you those nostalgic feelings &amp; flavours of bonfire toasted marshmallows, the whole year round! A jar of sweet Bonfire joy! Sugar free and low calorie!\" \/>\n<meta name=\"robots\" content=\"index, follow, max-snippet:-1, max-image-preview:large, max-video-preview:-1\" \/>\n<link rel=\"canonical\" href=\"https:\/\/beaniesflavourco.co.uk\/de\/produkt\/beanies-coffee-kaffee-mit-gerostetem-marshmallow-geschmack\/\" \/>\n<meta property=\"og:locale\" content=\"de_DE\" \/>\n<meta property=\"og:type\" content=\"article\" \/>\n<meta property=\"og:title\" content=\"Toasted Marshmallow Flavoured Coffee | Beanies\" \/>\n<meta property=\"og:description\" content=\"This Toasted Marshmallow Flavoured Coffee brings you those nostalgic feelings &amp; flavours of bonfire toasted marshmallows, the whole year round! A jar of sweet Bonfire joy! Sugar free and low calorie!\" \/>\n<meta property=\"og:url\" content=\"https:\/\/beaniesflavourco.co.uk\/de\/produkt\/beanies-coffee-kaffee-mit-gerostetem-marshmallow-geschmack\/?wmc-currency=EUR\" \/>\n<meta property=\"og:site_name\" content=\"Beanies\" \/>\n<meta property=\"article:publisher\" content=\"https:\/\/www.facebook.com\/beaniesflavourcoffee\" \/>\n<meta property=\"article:modified_time\" content=\"2026-04-21T18:42:11+00:00\" \/>\n<meta property=\"og:image\" content=\"https:\/\/beaniesflavourco.co.uk\/wp-content\/uploads\/2024\/01\/0QipvrG4Qy9OsXwAyc2nNadKBT4eT04Pdx3nS82D.png\" \/>\n\t<meta property=\"og:image:width\" content=\"498\" \/>\n\t<meta property=\"og:image:height\" content=\"720\" \/>\n\t<meta property=\"og:image:type\" content=\"image\/png\" \/>\n<meta name=\"twitter:card\" content=\"summary_large_image\" \/>\n<meta name=\"twitter:label1\" content=\"Gesch\u00e4tzte Lesezeit\" \/>\n\t<meta name=\"twitter:data1\" content=\"1\u00a0Minute\" \/>\n<script type=\"application\/ld+json\" class=\"yoast-schema-graph\">{\"@context\":\"https:\/\/schema.org\",\"@graph\":[{\"@type\":[\"WebPage\",\"ItemPage\"],\"@id\":\"https:\/\/beaniesflavourco.co.uk\/product\/beanies-coffee-toasted-marshmallow-flavoured-coffee\/\",\"url\":\"https:\/\/beaniesflavourco.co.uk\/product\/beanies-coffee-toasted-marshmallow-flavoured-coffee\/\",\"name\":\"Toasted Marshmallow Flavoured Coffee | Beanies\",\"isPartOf\":{\"@id\":\"https:\/\/beaniesflavourco.co.uk\/#website\"},\"primaryImageOfPage\":{\"@id\":\"https:\/\/beaniesflavourco.co.uk\/product\/beanies-coffee-toasted-marshmallow-flavoured-coffee\/#primaryimage\"},\"image\":{\"@id\":\"https:\/\/beaniesflavourco.co.uk\/product\/beanies-coffee-toasted-marshmallow-flavoured-coffee\/#primaryimage\"},\"thumbnailUrl\":\"https:\/\/beaniesflavourco.co.uk\/wp-content\/uploads\/2024\/01\/0QipvrG4Qy9OsXwAyc2nNadKBT4eT04Pdx3nS82D.png\",\"datePublished\":\"2024-01-22T11:38:01+00:00\",\"dateModified\":\"2026-04-21T18:42:11+00:00\",\"description\":\"This Toasted Marshmallow Flavoured Coffee brings you those nostalgic feelings & flavours of bonfire toasted marshmallows, the whole year round! A jar of sweet Bonfire joy! Sugar free and low calorie!\",\"breadcrumb\":{\"@id\":\"https:\/\/beaniesflavourco.co.uk\/product\/beanies-coffee-toasted-marshmallow-flavoured-coffee\/#breadcrumb\"},\"inLanguage\":\"de\",\"potentialAction\":[{\"@type\":\"ReadAction\",\"target\":[\"https:\/\/beaniesflavourco.co.uk\/product\/beanies-coffee-toasted-marshmallow-flavoured-coffee\/\"]}]},{\"@type\":\"ImageObject\",\"inLanguage\":\"de\",\"@id\":\"https:\/\/beaniesflavourco.co.uk\/product\/beanies-coffee-toasted-marshmallow-flavoured-coffee\/#primaryimage\",\"url\":\"https:\/\/beaniesflavourco.co.uk\/wp-content\/uploads\/2024\/01\/0QipvrG4Qy9OsXwAyc2nNadKBT4eT04Pdx3nS82D.png\",\"contentUrl\":\"https:\/\/beaniesflavourco.co.uk\/wp-content\/uploads\/2024\/01\/0QipvrG4Qy9OsXwAyc2nNadKBT4eT04Pdx3nS82D.png\",\"width\":498,\"height\":720,\"caption\":\"Toasted Marshmallow Flavoured Coffee Jar\"},{\"@type\":\"BreadcrumbList\",\"@id\":\"https:\/\/beaniesflavourco.co.uk\/product\/beanies-coffee-toasted-marshmallow-flavoured-coffee\/#breadcrumb\",\"itemListElement\":[{\"@type\":\"ListItem\",\"position\":1,\"name\":\"Home\",\"item\":\"https:\/\/beaniesflavourco.co.uk\/\"},{\"@type\":\"ListItem\",\"position\":2,\"name\":\"Shop\",\"item\":\"https:\/\/beaniesflavourco.co.uk\/shop\/\"},{\"@type\":\"ListItem\",\"position\":3,\"name\":\"Instant Flavoured Coffee\",\"item\":\"https:\/\/beaniesflavourco.co.uk\/product-category\/instant-flavoured-coffee\/\"},{\"@type\":\"ListItem\",\"position\":4,\"name\":\"Toasted Marshmallow Flavoured Coffee\"}]},{\"@type\":\"WebSite\",\"@id\":\"https:\/\/beaniesflavourco.co.uk\/#website\",\"url\":\"https:\/\/beaniesflavourco.co.uk\/\",\"name\":\"Beanies\",\"description\":\"\",\"publisher\":{\"@id\":\"https:\/\/beaniesflavourco.co.uk\/#organization\"},\"potentialAction\":[{\"@type\":\"SearchAction\",\"target\":{\"@type\":\"EntryPoint\",\"urlTemplate\":\"https:\/\/beaniesflavourco.co.uk\/?s={search_term_string}\"},\"query-input\":{\"@type\":\"PropertyValueSpecification\",\"valueRequired\":true,\"valueName\":\"search_term_string\"}}],\"inLanguage\":\"de\"},{\"@type\":\"Organization\",\"@id\":\"https:\/\/beaniesflavourco.co.uk\/#organization\",\"name\":\"Beanies Flavour Co\",\"url\":\"https:\/\/beaniesflavourco.co.uk\/\",\"logo\":{\"@type\":\"ImageObject\",\"inLanguage\":\"de\",\"@id\":\"https:\/\/beaniesflavourco.co.uk\/#\/schema\/logo\/image\/\",\"url\":\"https:\/\/beaniesflavourco.co.uk\/wp-content\/uploads\/2024\/02\/Logo.png\",\"contentUrl\":\"https:\/\/beaniesflavourco.co.uk\/wp-content\/uploads\/2024\/02\/Logo.png\",\"width\":622,\"height\":120,\"caption\":\"Beanies Flavour Co\"},\"image\":{\"@id\":\"https:\/\/beaniesflavourco.co.uk\/#\/schema\/logo\/image\/\"},\"sameAs\":[\"https:\/\/www.facebook.com\/beaniesflavourcoffee\"]}]}<\/script>\n<!-- \/ Yoast SEO plugin. -->","yoast_head_json":{"title":"Toasted Marshmallow Flavoured Coffee | Beanies","description":"Dieser Kaffee mit dem Geschmack von ger\u00f6steten Marshmallows bringt Ihnen das ganze Jahr \u00fcber die nostalgischen Gef\u00fchle und den Geschmack von ger\u00f6steten Marshmallows am Lagerfeuer! Ein Glas mit s\u00fc\u00dfer Lagerfeuerfreude! Zuckerfrei und kalorienarm!","robots":{"index":"index","follow":"follow","max-snippet":"max-snippet:-1","max-image-preview":"max-image-preview:large","max-video-preview":"max-video-preview:-1"},"canonical":"https:\/\/beaniesflavourco.co.uk\/de\/produkt\/beanies-coffee-kaffee-mit-gerostetem-marshmallow-geschmack\/","og_locale":"de_DE","og_type":"article","og_title":"Toasted Marshmallow Flavoured Coffee | Beanies","og_description":"This Toasted Marshmallow Flavoured Coffee brings you those nostalgic feelings & flavours of bonfire toasted marshmallows, the whole year round! A jar of sweet Bonfire joy! Sugar free and low calorie!","og_url":"https:\/\/beaniesflavourco.co.uk\/de\/produkt\/beanies-coffee-kaffee-mit-gerostetem-marshmallow-geschmack\/?wmc-currency=EUR","og_site_name":"Beanies","article_publisher":"https:\/\/www.facebook.com\/beaniesflavourcoffee","article_modified_time":"2026-04-21T18:42:11+00:00","og_image":[{"width":498,"height":720,"url":"https:\/\/beaniesflavourco.co.uk\/wp-content\/uploads\/2024\/01\/0QipvrG4Qy9OsXwAyc2nNadKBT4eT04Pdx3nS82D.png","type":"image\/png"}],"twitter_card":"summary_large_image","twitter_misc":{"Gesch\u00e4tzte Lesezeit":"1\u00a0Minute"},"schema":{"@context":"https:\/\/schema.org","@graph":[{"@type":["WebPage","ItemPage"],"@id":"https:\/\/beaniesflavourco.co.uk\/product\/beanies-coffee-toasted-marshmallow-flavoured-coffee\/","url":"https:\/\/beaniesflavourco.co.uk\/product\/beanies-coffee-toasted-marshmallow-flavoured-coffee\/","name":"Toasted Marshmallow Flavoured Coffee | Beanies","isPartOf":{"@id":"https:\/\/beaniesflavourco.co.uk\/#website"},"primaryImageOfPage":{"@id":"https:\/\/beaniesflavourco.co.uk\/product\/beanies-coffee-toasted-marshmallow-flavoured-coffee\/#primaryimage"},"image":{"@id":"https:\/\/beaniesflavourco.co.uk\/product\/beanies-coffee-toasted-marshmallow-flavoured-coffee\/#primaryimage"},"thumbnailUrl":"https:\/\/beaniesflavourco.co.uk\/wp-content\/uploads\/2024\/01\/0QipvrG4Qy9OsXwAyc2nNadKBT4eT04Pdx3nS82D.png","datePublished":"2024-01-22T11:38:01+00:00","dateModified":"2026-04-21T18:42:11+00:00","description":"Dieser Kaffee mit dem Geschmack von ger\u00f6steten Marshmallows bringt Ihnen das ganze Jahr \u00fcber die nostalgischen Gef\u00fchle und den Geschmack von ger\u00f6steten Marshmallows am Lagerfeuer! Ein Glas mit s\u00fc\u00dfer Lagerfeuerfreude! Zuckerfrei und kalorienarm!","breadcrumb":{"@id":"https:\/\/beaniesflavourco.co.uk\/product\/beanies-coffee-toasted-marshmallow-flavoured-coffee\/#breadcrumb"},"inLanguage":"de","potentialAction":[{"@type":"ReadAction","target":["https:\/\/beaniesflavourco.co.uk\/product\/beanies-coffee-toasted-marshmallow-flavoured-coffee\/"]}]},{"@type":"ImageObject","inLanguage":"de","@id":"https:\/\/beaniesflavourco.co.uk\/product\/beanies-coffee-toasted-marshmallow-flavoured-coffee\/#primaryimage","url":"https:\/\/beaniesflavourco.co.uk\/wp-content\/uploads\/2024\/01\/0QipvrG4Qy9OsXwAyc2nNadKBT4eT04Pdx3nS82D.png","contentUrl":"https:\/\/beaniesflavourco.co.uk\/wp-content\/uploads\/2024\/01\/0QipvrG4Qy9OsXwAyc2nNadKBT4eT04Pdx3nS82D.png","width":498,"height":720,"caption":"Toasted Marshmallow Flavoured Coffee Jar"},{"@type":"BreadcrumbList","@id":"https:\/\/beaniesflavourco.co.uk\/product\/beanies-coffee-toasted-marshmallow-flavoured-coffee\/#breadcrumb","itemListElement":[{"@type":"ListItem","position":1,"name":"Home","item":"https:\/\/beaniesflavourco.co.uk\/"},{"@type":"ListItem","position":2,"name":"Shop","item":"https:\/\/beaniesflavourco.co.uk\/shop\/"},{"@type":"ListItem","position":3,"name":"Instant Flavoured Coffee","item":"https:\/\/beaniesflavourco.co.uk\/product-category\/instant-flavoured-coffee\/"},{"@type":"ListItem","position":4,"name":"Toasted Marshmallow Flavoured Coffee"}]},{"@type":"WebSite","@id":"https:\/\/beaniesflavourco.co.uk\/#website","url":"https:\/\/beaniesflavourco.co.uk\/","name":"M\u00fctzen","description":"","publisher":{"@id":"https:\/\/beaniesflavourco.co.uk\/#organization"},"potentialAction":[{"@type":"SearchAction","target":{"@type":"EntryPoint","urlTemplate":"https:\/\/beaniesflavourco.co.uk\/?s={search_term_string}"},"query-input":{"@type":"PropertyValueSpecification","valueRequired":true,"valueName":"search_term_string"}}],"inLanguage":"de"},{"@type":"Organization","@id":"https:\/\/beaniesflavourco.co.uk\/#organization","name":"Beanies Flavour Co","url":"https:\/\/beaniesflavourco.co.uk\/","logo":{"@type":"ImageObject","inLanguage":"de","@id":"https:\/\/beaniesflavourco.co.uk\/#\/schema\/logo\/image\/","url":"https:\/\/beaniesflavourco.co.uk\/wp-content\/uploads\/2024\/02\/Logo.png","contentUrl":"https:\/\/beaniesflavourco.co.uk\/wp-content\/uploads\/2024\/02\/Logo.png","width":622,"height":120,"caption":"Beanies Flavour Co"},"image":{"@id":"https:\/\/beaniesflavourco.co.uk\/#\/schema\/logo\/image\/"},"sameAs":["https:\/\/www.facebook.com\/beaniesflavourcoffee"]}]}},"_links":{"self":[{"href":"https:\/\/beaniesflavourco.co.uk\/de\/wp-json\/wp\/v2\/product\/848","targetHints":{"allow":["GET"]}}],"collection":[{"href":"https:\/\/beaniesflavourco.co.uk\/de\/wp-json\/wp\/v2\/product"}],"about":[{"href":"https:\/\/beaniesflavourco.co.uk\/de\/wp-json\/wp\/v2\/types\/product"}],"wp:featuredmedia":[{"embeddable":true,"href":"https:\/\/beaniesflavourco.co.uk\/de\/wp-json\/wp\/v2\/media\/847"}],"wp:attachment":[{"href":"https:\/\/beaniesflavourco.co.uk\/de\/wp-json\/wp\/v2\/media?parent=848"}],"wp:term":[{"taxonomy":"product_brand","embeddable":true,"href":"https:\/\/beaniesflavourco.co.uk\/de\/wp-json\/wp\/v2\/product_brand?post=848"},{"taxonomy":"product_cat","embeddable":true,"href":"https:\/\/beaniesflavourco.co.uk\/de\/wp-json\/wp\/v2\/product_cat?post=848"},{"taxonomy":"product_tag","embeddable":true,"href":"https:\/\/beaniesflavourco.co.uk\/de\/wp-json\/wp\/v2\/product_tag?post=848"}],"curies":[{"name":"wp","href":"https:\/\/api.w.org\/{rel}","templated":true}]}}